{"id":2813,"date":"2023-07-06T06:58:55","date_gmt":"2023-07-06T04:58:55","guid":{"rendered":"https:\/\/propharex.es\/politica-de-cookies\/"},"modified":"2025-03-18T14:09:53","modified_gmt":"2025-03-18T13:09:53","slug":"politica-de-cookies","status":"publish","type":"page","link":"https:\/\/propharex.es\/pt-pt\/politica-de-cookies\/","title":{"rendered":"Pol\u00edtica de Cookies"},"content":{"rendered":"\t\t<div data-elementor-type=\"wp-page\" data-elementor-id=\"2813\" class=\"elementor elementor-2813\">\n\t\t\t\t\t\t<section class=\"elementor-section elementor-top-section elementor-element elementor-element-7547a2f elementor-section-stretched elementor-section-boxed elementor-section-height-default elementor-section-height-default parallax_section_no qode_elementor_container_no\" data-id=\"7547a2f\" data-element_type=\"section\" data-settings=\"{&quot;stretch_section&quot;:&quot;section-stretched&quot;}\">\n\t\t\t\t\t\t<div class=\"elementor-container elementor-column-gap-default\">\n\t\t\t\t\t<div class=\"elementor-column elementor-col-100 elementor-top-column elementor-element elementor-element-327a181\" data-id=\"327a181\" data-element_type=\"column\">\n\t\t\t<div class=\"elementor-widget-wrap elementor-element-populated\">\n\t\t\t\t\t\t<div class=\"elementor-element elementor-element-1aa3f526 elementor-widget elementor-widget-text-editor\" data-id=\"1aa3f526\" data-element_type=\"widget\" data-widget_type=\"text-editor.default\">\n\t\t\t\t<div class=\"elementor-widget-container\">\n\t\t\t\t\t\t\t\t\t<h2 style=\"text-align: center;\">Pol\u00edtica de Cookies<\/h2>\t\t\t\t\t\t\t\t<\/div>\n\t\t\t\t<\/div>\n\t\t\t\t<div class=\"elementor-element elementor-element-c6d83ea elementor-widget__width-initial elementor-widget elementor-widget-text-editor\" data-id=\"c6d83ea\" data-element_type=\"widget\" data-widget_type=\"text-editor.default\">\n\t\t\t\t<div class=\"elementor-widget-container\">\n\t\t\t\t\t\t\t\t\t<p>En PROPHAREX, S.L. utilizamos las cookies u otros archivos de funcionalidad similar (en adelante, \u201ccookies\u201d) que almacenan y recuperan informaci\u00f3n cuando navegas. En general,<br>estas tecnolog\u00edas pueden servir para finalidades muy diversas, como, por ejemplo, reconocerte como usuario, obtener informaci\u00f3n sobre tus h\u00e1bitos de navegaci\u00f3n, o personalizar la forma en que se muestra el contenido.<br>El objetivo de esta pol\u00edtica es informarle de manera clara y detallada de qu\u00e9 es una cookie, cu\u00e1l es su finalidad, qu\u00e9 tipo de cookies utilizamos y c\u00f3mo configurarlas o en su caso<br>deshabilitarlas.<br><strong>\u00bf<\/strong><b>Qu\u00e9 son las cookies?<\/b><br>Una cookie es un peque\u00f1o archivo de texto que se almacena en su navegador cuando visita nuestra p\u00e1gina web y que guarda informaci\u00f3n sobre la navegaci\u00f3n que realiza para hacer m\u00e1s eficiente la experiencia de usuario. Algunas cookies resultan esenciales para el buen funcionamiento de las p\u00e1ginas web, como es el caso de las cookies t\u00e9cnicas o de personalizaci\u00f3n de la interfaz de usuario, aunque otras, como las cookies de an\u00e1lisis o las de publicidad comportamental, requieren que le informemos y recabar el consentimiento sobre<br>su uso.<br>A continuaci\u00f3n, y con el objetivo de que pueda prestar un consentimiento plenamente informado, le detallamos la informaci\u00f3n de en qu\u00e9 consiste y cu\u00e1l es la finalidad de cada tipo<br>de cookie:<br>Las cookies t\u00e9cnicas: son aquellas que, permiten al usuario la navegaci\u00f3n a trav\u00e9s de una<br>p\u00e1gina web, plataforma o aplicaci\u00f3n y la utilizaci\u00f3n de las diferentes opciones o servicios que<br>en ella existan, incluyendo la gesti\u00f3n y operativa de la p\u00e1gina web y habilitar sus funciones y<br>servicios, como, por ejemplo, identificar la sesi\u00f3n, acceder a partes de acceso restringido,<br>recordar los elementos que integran un pedido, realizar el proceso de compra de un pedido,<br>gestionar el pago, \u2026 La p\u00e1gina web no puede funcionar adecuadamente sin estas cookies por<br>lo que se consideran necesarias.<br>Las cookies de preferencias o personalizaci\u00f3n: permiten a la p\u00e1gina web recordar informaci\u00f3n<br>que cambia la forma en que la p\u00e1gina se comporta o el aspecto que tiene de modo que el<br>usuario acceda al servicio con determinadas caracter\u00edsticas que pueden diferenciar su<br>experiencia de la de otros usuarios, como, por ejemplo, el idioma, el n\u00famero de resultados a<br>mostrar cuando el usuario realiza una b\u00fasqueda o la regi\u00f3n en la que el usuario se encuentra.<br>Si es el propio usuario quien elige esas caracter\u00edsticas, por ejemplo, marcando la bandera del<br>idioma, se considera un servicio expresamente solicitado siempre y cuando las cookies<br>obedezcan exclusivamente a la finalidad seleccionada de personalizaci\u00f3n.<br>Las cookies de an\u00e1lisis o medici\u00f3n: son aquellas que, tratadas por nosotros o por terceros, nos<br>permiten cuantificar el n\u00famero de usuarios y as\u00ed realizar la medici\u00f3n y an\u00e1lisis estad\u00edstico de la<br>utilizaci\u00f3n que hacen los usuarios del servicio ofertado. Para ello se analiza su navegaci\u00f3n en<br>nuestra p\u00e1gina web con el fin de mejorar la oferta de productos o servicios que le ofrecemos.<br>Las cookies de marketing o publicidad comportamental: almacenan informaci\u00f3n del<br>comportamiento de los usuarios obtenida a trav\u00e9s de la observaci\u00f3n continuada de sus h\u00e1bitos<\/p>\n<p>de navegaci\u00f3n, lo que permite desarrollar un perfil espec\u00edfico para mostrar anuncios<br>relevantes y atractivos para el usuario individual y, por lo tanto, m\u00e1s valiosos para los terceros<br>anunciantes.<br>\u00bfPara qu\u00e9 utiliza las cookies esta p\u00e1gina web y cu\u00e1les son?<br>El detalle de las cookies utilizadas en esta p\u00e1gina web es el siguiente:<br>Ejemplo:<br>Cookie Tipo Prop\u00f3sito M\u00e1s informaci\u00f3n<br>Google<br>Analytics<\/p>\n<p>De terceros Recoger informaci\u00f3n sobre la navegaci\u00f3n de<br>los usuarios por el sitio con el fin de conocer<br>el origen de las visitas y otros datos similares<br>a nivel estad\u00edstico. No obtiene datos de los<br>nombres o apellidos de los usuarios ni de la<br>direcci\u00f3n postal concreta desde donde se<br>conectan.<\/p>\n<p>Google Analytics<br>Centro de Privacidad<br>de Google<\/p>\n<p>Otras &#8211; Definir &#8211;<br>Nota: las cookies de tipo \u201cPropias\u201d son utilizadas s\u00f3lo por el propietario de esta web y las cookies \u201cde<br>Terceros\u201d son utilizadas, tambi\u00e9n, por el prestador del servicio que est\u00e1 detallado en el cuadro anterior.<br>Para las cookies de an\u00e1lisis y de publicidad necesitamos su consentimiento que podremos<br>obtener si pulsa en el bot\u00f3n \u201cAcepto\u201d en el mensaje de informaci\u00f3n que se muestra al acceder<br>a nuestra p\u00e1gina web.<br>Si desactiva las cookies, podr\u00e1 seguir accediendo a la web pero puede que la navegaci\u00f3n por<br>esta no sea \u00f3ptima y alguno de los servicios ofrecidos no funcionen correctamente.<br>Si en un futuro PROPHAREX, S.L. llegara a utilizar tipos de cookies diferentes a las<br>contempladas en esta Pol\u00edtica de Cookies para prestar nuevos servicios o fuera necesario<br>adaptarla a nuevas exigencias legislativas, se lo notificaremos.<br>\u00bfC\u00f3mo puedo desactivar o eliminar las cookies?<br>Tenga en cuenta que, si acepta las cookies de terceros, deber\u00e1 eliminarlas desde las opciones<br>del navegador o desde el sistema ofrecido por el propio tercero. Puede usted permitir,<br>bloquear o eliminar las cookies instaladas en su equipo mediante la configuraci\u00f3n de las<br>opciones del navegador instalado en su ordenador.<br>&#8211; Microsoft Internet Explorer: men\u00fa Herramientas &amp;gt; Opciones de Internet &amp;gt; Privacidad &amp;gt;<br>Configuraci\u00f3n.<br>&#8211; Firefox: men\u00fa Herramientas &amp;gt; Opciones &amp;gt; Privacidad &amp;gt; Cookies.<br>&#8211; Chrome: men\u00fa Opciones &amp;gt; Opciones avanzadas &amp;gt; Privacidad.<br>&#8211; Safari: men\u00fa Preferencias\/Privacidad.<br>&#8211; Safari para IOS (iPhone y iPad): Opci\u00f3n Ajustes &amp;gt; Safari<br>&#8211; Chrome para Android: Configuraci\u00f3n &amp;gt; Configuraci\u00f3n de sitios web &amp;gt; Cookies<br>&#8211; Otros navegadores: consulte la documentaci\u00f3n del navegador que tenga instalado.<br>Transferencias de datos a terceros pa\u00edses<\/p>\n<p>Puedes informarte de las transferencias a terceros pa\u00edses que, en su caso, realizan los terceros<br>identificados en esta pol\u00edtica de cookies en sus correspondientes pol\u00edticas (ver los enlaces<br>facilitados en el apartado \u201cCookies de terceros\u201d).<br>Elaboraci\u00f3n de perfiles<br>No se elaborar\u00e1 ning\u00fan tipo de \u201cperfil\u201d en base a la informaci\u00f3n facilitada ni se tomar\u00e1n<br>decisiones automatizadas en base a perfiles. (Si se elaborar\u00e1 informaci\u00f3n en base a perfiles habr\u00eda<br>que indicar detalladamente su uso).<br>Periodo de conservaci\u00f3n de los datos<br>Los datos obtenidos a trav\u00e9s de las cookies se conservar\u00e1n por un periodo m\u00e1ximo de 24<br>meses, tras dicho periodo volveremos a recabar su consentimiento.<br>Derechos de los interesados<br>Usted podr\u00e1 obtener m\u00e1s informaci\u00f3n sobre el tratamiento de datos de car\u00e1cter personal y de<br>c\u00f3mo ejercer sus derechos consultado nuestra pol\u00edtica de privacidad.<\/p>\t\t\t\t\t\t\t\t<\/div>\n\t\t\t\t<\/div>\n\t\t\t\t\t<\/div>\n\t\t<\/div>\n\t\t\t\t\t<\/div>\n\t\t<\/section>\n\t\t\t\t<section class=\"elementor-section elementor-top-section elementor-element elementor-element-796cdf42 elementor-section-boxed elementor-section-height-default elementor-section-height-default parallax_section_no qode_elementor_container_no\" data-id=\"796cdf42\" data-element_type=\"section\">\n\t\t\t\t\t\t<div class=\"elementor-container elementor-column-gap-default\">\n\t\t\t\t\t<div class=\"elementor-column elementor-col-100 elementor-top-column elementor-element elementor-element-41c01e11\" data-id=\"41c01e11\" data-element_type=\"column\">\n\t\t\t<div class=\"elementor-widget-wrap elementor-element-populated\">\n\t\t\t\t\t\t<div class=\"elementor-element elementor-element-64bd01fa elementor-widget elementor-widget-image\" data-id=\"64bd01fa\" data-element_type=\"widget\" data-widget_type=\"image.default\">\n\t\t\t\t<div class=\"elementor-widget-container\">\n\t\t\t\t\t\t\t\t\t\t\t\t\t\t\t<img fetchpriority=\"high\" decoding=\"async\" width=\"300\" height=\"200\" src=\"https:\/\/propharex.es\/wp-content\/uploads\/2023\/07\/bandera-europa-300x200.png\" class=\"attachment-medium size-medium wp-image-2429\" alt=\"\" srcset=\"https:\/\/propharex.es\/wp-content\/uploads\/2023\/07\/bandera-europa-300x200.png 300w, https:\/\/propharex.es\/wp-content\/uploads\/2023\/07\/bandera-europa-768x512.png 768w, https:\/\/propharex.es\/wp-content\/uploads\/2023\/07\/bandera-europa-700x466.png 700w, https:\/\/propharex.es\/wp-content\/uploads\/2023\/07\/bandera-europa.png 800w\" sizes=\"(max-width: 300px) 100vw, 300px\" \/>\t\t\t\t\t\t\t\t\t\t\t\t\t\t\t<\/div>\n\t\t\t\t<\/div>\n\t\t\t\t<div class=\"elementor-element elementor-element-5f95d0f8 elementor-widget elementor-widget-text-editor\" data-id=\"5f95d0f8\" data-element_type=\"widget\" data-widget_type=\"text-editor.default\">\n\t\t\t\t<div class=\"elementor-widget-container\">\n\t\t\t\t\t\t\t\t\t<div><h3 style=\"text-align: center;\"><span style=\"color: #ffffff;\">Una manera de hacer Europa<\/span><\/h3><\/div>\t\t\t\t\t\t\t\t<\/div>\n\t\t\t\t<\/div>\n\t\t\t\t<div class=\"elementor-element elementor-element-3dbcaa06 elementor-widget elementor-widget-text-editor\" data-id=\"3dbcaa06\" data-element_type=\"widget\" data-widget_type=\"text-editor.default\">\n\t\t\t\t<div class=\"elementor-widget-container\">\n\t\t\t\t\t\t\t\t\t<p style=\"text-align: center;\">PROPHAREX SOCIEDAD DE RESPONSABILIDAD LIMITADA ha sido beneficiaria del Fondo Europeo de Desarrollo Regional cuyo objetivo es mejorar la competitividad de las Pymes y gracias al cual ha puesto en marcha un Plan de Marketing Digital Internacional con el objetivo de mejorar su posicionamiento online en mercados exteriores durante el a\u00f1o 2023. Para ello ha contado con el apoyo del Programa XPANDE DIGITAL de la C\u00e1mara de Comercio de Oviedo<\/p>\t\t\t\t\t\t\t\t<\/div>\n\t\t\t\t<\/div>\n\t\t\t\t<section class=\"elementor-section elementor-inner-section elementor-element elementor-element-bf7fa6c elementor-section-boxed elementor-section-height-default elementor-section-height-default parallax_section_no qode_elementor_container_no\" data-id=\"bf7fa6c\" data-element_type=\"section\">\n\t\t\t\t\t\t<div class=\"elementor-container elementor-column-gap-default\">\n\t\t\t\t\t<div class=\"elementor-column elementor-col-50 elementor-inner-column elementor-element elementor-element-3ce2b251\" data-id=\"3ce2b251\" data-element_type=\"column\">\n\t\t\t<div class=\"elementor-widget-wrap elementor-element-populated\">\n\t\t\t\t\t\t<div class=\"elementor-element elementor-element-fc4efdf elementor-widget elementor-widget-image\" data-id=\"fc4efdf\" data-element_type=\"widget\" data-widget_type=\"image.default\">\n\t\t\t\t<div class=\"elementor-widget-container\">\n\t\t\t\t\t\t\t\t\t\t\t\t\t\t\t<img decoding=\"async\" width=\"158\" height=\"48\" src=\"https:\/\/propharex.es\/wp-content\/uploads\/2023\/07\/camaraEspana.jpg\" class=\"attachment-medium size-medium wp-image-2849\" alt=\"\" \/>\t\t\t\t\t\t\t\t\t\t\t\t\t\t\t<\/div>\n\t\t\t\t<\/div>\n\t\t\t\t\t<\/div>\n\t\t<\/div>\n\t\t\t\t<div class=\"elementor-column elementor-col-50 elementor-inner-column elementor-element elementor-element-6f349b21\" data-id=\"6f349b21\" data-element_type=\"column\">\n\t\t\t<div class=\"elementor-widget-wrap elementor-element-populated\">\n\t\t\t\t\t\t<div class=\"elementor-element elementor-element-2108a833 elementor-widget elementor-widget-image\" data-id=\"2108a833\" data-element_type=\"widget\" data-widget_type=\"image.default\">\n\t\t\t\t<div class=\"elementor-widget-container\">\n\t\t\t\t\t\t\t\t\t\t\t\t\t\t\t<img decoding=\"async\" width=\"170\" height=\"53\" src=\"https:\/\/propharex.es\/wp-content\/uploads\/2023\/07\/camaraOviedo-1.png\" class=\"attachment-medium size-medium wp-image-2851\" alt=\"\" \/>\t\t\t\t\t\t\t\t\t\t\t\t\t\t\t<\/div>\n\t\t\t\t<\/div>\n\t\t\t\t\t<\/div>\n\t\t<\/div>\n\t\t\t\t\t<\/div>\n\t\t<\/section>\n\t\t\t\t<section class=\"elementor-section elementor-inner-section elementor-element elementor-element-a3f8e32 elementor-section-boxed elementor-section-height-default elementor-section-height-default parallax_section_no qode_elementor_container_no\" data-id=\"a3f8e32\" data-element_type=\"section\">\n\t\t\t\t\t\t<div class=\"elementor-container elementor-column-gap-default\">\n\t\t\t\t\t<div class=\"elementor-column elementor-col-100 elementor-inner-column elementor-element elementor-element-111209db\" data-id=\"111209db\" data-element_type=\"column\">\n\t\t\t<div class=\"elementor-widget-wrap elementor-element-populated\">\n\t\t\t\t\t\t<div class=\"elementor-element elementor-element-3d20af2e elementor-widget elementor-widget-text-editor\" data-id=\"3d20af2e\" data-element_type=\"widget\" data-widget_type=\"text-editor.default\">\n\t\t\t\t<div class=\"elementor-widget-container\">\n\t\t\t\t\t\t\t\t\t<h4 style=\"text-align: center;\">Este proyecto est\u00e1 financiado por el <strong>Fondo Europeo de Desarrollo Regional<\/strong><\/h4>\t\t\t\t\t\t\t\t<\/div>\n\t\t\t\t<\/div>\n\t\t\t\t<div class=\"elementor-element elementor-element-5f49f602 elementor-widget elementor-widget-image\" data-id=\"5f49f602\" data-element_type=\"widget\" data-widget_type=\"image.default\">\n\t\t\t\t<div class=\"elementor-widget-container\">\n\t\t\t\t\t\t\t\t\t\t\t\t\t\t\t<img loading=\"lazy\" decoding=\"async\" width=\"300\" height=\"106\" src=\"https:\/\/propharex.es\/wp-content\/uploads\/2023\/07\/logo-xpande-buena-calidad-300x106.jpg\" class=\"attachment-medium size-medium wp-image-2436\" alt=\"\" srcset=\"https:\/\/propharex.es\/wp-content\/uploads\/2023\/07\/logo-xpande-buena-calidad-300x106.jpg 300w, https:\/\/propharex.es\/wp-content\/uploads\/2023\/07\/logo-xpande-buena-calidad.jpg 500w\" sizes=\"(max-width: 300px) 100vw, 300px\" \/>\t\t\t\t\t\t\t\t\t\t\t\t\t\t\t<\/div>\n\t\t\t\t<\/div>\n\t\t\t\t\t<\/div>\n\t\t<\/div>\n\t\t\t\t\t<\/div>\n\t\t<\/section>\n\t\t\t\t\t<\/div>\n\t\t<\/div>\n\t\t\t\t\t<\/div>\n\t\t<\/section>\n\t\t\t\t<\/div>\n\t\t","protected":false},"excerpt":{"rendered":"<p>Pol\u00edtica de Cookies En PROPHAREX, S.L. utilizamos las cookies u otros archivos de funcionalidad similar (en adelante, \u201ccookies\u201d) que almacenan&#8230;<\/p>\n","protected":false},"author":1,"featured_media":0,"parent":0,"menu_order":0,"comment_status":"closed","ping_status":"closed","template":"","meta":{"footnotes":""},"class_list":["post-2813","page","type-page","status-publish","hentry"],"yoast_head":"<!-- This site is optimized with the Yoast SEO plugin v24.8.1 - https:\/\/yoast.com\/wordpress\/plugins\/seo\/ -->\n<title>Pol\u00edtica de Cookies | ProPharex<\/title>\n<meta name=\"robots\" content=\"noindex, nofollow\" \/>\n<meta property=\"og:locale\" content=\"pt_PT\" \/>\n<meta property=\"og:type\" content=\"article\" \/>\n<meta property=\"og:title\" content=\"Pol\u00edtica de Cookies | ProPharex\" \/>\n<meta property=\"og:description\" content=\"Pol\u00edtica de Cookies En PROPHAREX, S.L. utilizamos las cookies u otros archivos de funcionalidad similar (en adelante, \u201ccookies\u201d) que almacenan...\" \/>\n<meta property=\"og:url\" content=\"https:\/\/propharex.es\/pt-pt\/politica-de-cookies\/\" \/>\n<meta property=\"og:site_name\" content=\"ProPharex\" \/>\n<meta property=\"article:modified_time\" content=\"2025-03-18T13:09:53+00:00\" \/>\n<meta property=\"og:image\" content=\"https:\/\/propharex.es\/wp-content\/uploads\/2023\/07\/bandera-europa-300x200.png\" \/>\n<meta name=\"twitter:card\" content=\"summary_large_image\" \/>\n<meta name=\"twitter:label1\" content=\"Tempo estimado de leitura\" \/>\n\t<meta name=\"twitter:data1\" content=\"4 minutos\" \/>\n<script type=\"application\/ld+json\" class=\"yoast-schema-graph\">{\"@context\":\"https:\/\/schema.org\",\"@graph\":[{\"@type\":\"WebPage\",\"@id\":\"https:\/\/propharex.es\/pt-pt\/politica-de-cookies\/\",\"url\":\"https:\/\/propharex.es\/pt-pt\/politica-de-cookies\/\",\"name\":\"Pol\u00edtica de Cookies | ProPharex\",\"isPartOf\":{\"@id\":\"https:\/\/propharex.es\/#website\"},\"primaryImageOfPage\":{\"@id\":\"https:\/\/propharex.es\/pt-pt\/politica-de-cookies\/#primaryimage\"},\"image\":{\"@id\":\"https:\/\/propharex.es\/pt-pt\/politica-de-cookies\/#primaryimage\"},\"thumbnailUrl\":\"https:\/\/propharex.es\/wp-content\/uploads\/2023\/07\/bandera-europa-300x200.png\",\"datePublished\":\"2023-07-06T04:58:55+00:00\",\"dateModified\":\"2025-03-18T13:09:53+00:00\",\"breadcrumb\":{\"@id\":\"https:\/\/propharex.es\/pt-pt\/politica-de-cookies\/#breadcrumb\"},\"inLanguage\":\"pt-PT\",\"potentialAction\":[{\"@type\":\"ReadAction\",\"target\":[\"https:\/\/propharex.es\/pt-pt\/politica-de-cookies\/\"]}]},{\"@type\":\"ImageObject\",\"inLanguage\":\"pt-PT\",\"@id\":\"https:\/\/propharex.es\/pt-pt\/politica-de-cookies\/#primaryimage\",\"url\":\"https:\/\/propharex.es\/wp-content\/uploads\/2023\/07\/bandera-europa-300x200.png\",\"contentUrl\":\"https:\/\/propharex.es\/wp-content\/uploads\/2023\/07\/bandera-europa-300x200.png\"},{\"@type\":\"BreadcrumbList\",\"@id\":\"https:\/\/propharex.es\/pt-pt\/politica-de-cookies\/#breadcrumb\",\"itemListElement\":[{\"@type\":\"ListItem\",\"position\":1,\"name\":\"Portada\",\"item\":\"https:\/\/propharex.es\/pt-pt\/\"},{\"@type\":\"ListItem\",\"position\":2,\"name\":\"Pol\u00edtica de Cookies\"}]},{\"@type\":\"WebSite\",\"@id\":\"https:\/\/propharex.es\/#website\",\"url\":\"https:\/\/propharex.es\/\",\"name\":\"ProPharex\",\"description\":\"\",\"publisher\":{\"@id\":\"https:\/\/propharex.es\/#organization\"},\"potentialAction\":[{\"@type\":\"SearchAction\",\"target\":{\"@type\":\"EntryPoint\",\"urlTemplate\":\"https:\/\/propharex.es\/?s={search_term_string}\"},\"query-input\":{\"@type\":\"PropertyValueSpecification\",\"valueRequired\":true,\"valueName\":\"search_term_string\"}}],\"inLanguage\":\"pt-PT\"},{\"@type\":\"Organization\",\"@id\":\"https:\/\/propharex.es\/#organization\",\"name\":\"Propharex\",\"url\":\"https:\/\/propharex.es\/\",\"logo\":{\"@type\":\"ImageObject\",\"inLanguage\":\"pt-PT\",\"@id\":\"https:\/\/propharex.es\/#\/schema\/logo\/image\/\",\"url\":\"https:\/\/propharex.es\/wp-content\/uploads\/2023\/07\/Logo-Propharex-Rediseno-2020-300ppp-2.jpg\",\"contentUrl\":\"https:\/\/propharex.es\/wp-content\/uploads\/2023\/07\/Logo-Propharex-Rediseno-2020-300ppp-2.jpg\",\"width\":300,\"height\":116,\"caption\":\"Propharex\"},\"image\":{\"@id\":\"https:\/\/propharex.es\/#\/schema\/logo\/image\/\"}}]}<\/script>\n<!-- \/ Yoast SEO plugin. -->","yoast_head_json":{"title":"Pol\u00edtica de Cookies | ProPharex","robots":{"index":"noindex","follow":"nofollow"},"og_locale":"pt_PT","og_type":"article","og_title":"Pol\u00edtica de Cookies | ProPharex","og_description":"Pol\u00edtica de Cookies En PROPHAREX, S.L. utilizamos las cookies u otros archivos de funcionalidad similar (en adelante, \u201ccookies\u201d) que almacenan...","og_url":"https:\/\/propharex.es\/pt-pt\/politica-de-cookies\/","og_site_name":"ProPharex","article_modified_time":"2025-03-18T13:09:53+00:00","og_image":[{"url":"https:\/\/propharex.es\/wp-content\/uploads\/2023\/07\/bandera-europa-300x200.png","type":"","width":"","height":""}],"twitter_card":"summary_large_image","twitter_misc":{"Tempo estimado de leitura":"4 minutos"},"schema":{"@context":"https:\/\/schema.org","@graph":[{"@type":"WebPage","@id":"https:\/\/propharex.es\/pt-pt\/politica-de-cookies\/","url":"https:\/\/propharex.es\/pt-pt\/politica-de-cookies\/","name":"Pol\u00edtica de Cookies | ProPharex","isPartOf":{"@id":"https:\/\/propharex.es\/#website"},"primaryImageOfPage":{"@id":"https:\/\/propharex.es\/pt-pt\/politica-de-cookies\/#primaryimage"},"image":{"@id":"https:\/\/propharex.es\/pt-pt\/politica-de-cookies\/#primaryimage"},"thumbnailUrl":"https:\/\/propharex.es\/wp-content\/uploads\/2023\/07\/bandera-europa-300x200.png","datePublished":"2023-07-06T04:58:55+00:00","dateModified":"2025-03-18T13:09:53+00:00","breadcrumb":{"@id":"https:\/\/propharex.es\/pt-pt\/politica-de-cookies\/#breadcrumb"},"inLanguage":"pt-PT","potentialAction":[{"@type":"ReadAction","target":["https:\/\/propharex.es\/pt-pt\/politica-de-cookies\/"]}]},{"@type":"ImageObject","inLanguage":"pt-PT","@id":"https:\/\/propharex.es\/pt-pt\/politica-de-cookies\/#primaryimage","url":"https:\/\/propharex.es\/wp-content\/uploads\/2023\/07\/bandera-europa-300x200.png","contentUrl":"https:\/\/propharex.es\/wp-content\/uploads\/2023\/07\/bandera-europa-300x200.png"},{"@type":"BreadcrumbList","@id":"https:\/\/propharex.es\/pt-pt\/politica-de-cookies\/#breadcrumb","itemListElement":[{"@type":"ListItem","position":1,"name":"Portada","item":"https:\/\/propharex.es\/pt-pt\/"},{"@type":"ListItem","position":2,"name":"Pol\u00edtica de Cookies"}]},{"@type":"WebSite","@id":"https:\/\/propharex.es\/#website","url":"https:\/\/propharex.es\/","name":"ProPharex","description":"","publisher":{"@id":"https:\/\/propharex.es\/#organization"},"potentialAction":[{"@type":"SearchAction","target":{"@type":"EntryPoint","urlTemplate":"https:\/\/propharex.es\/?s={search_term_string}"},"query-input":{"@type":"PropertyValueSpecification","valueRequired":true,"valueName":"search_term_string"}}],"inLanguage":"pt-PT"},{"@type":"Organization","@id":"https:\/\/propharex.es\/#organization","name":"Propharex","url":"https:\/\/propharex.es\/","logo":{"@type":"ImageObject","inLanguage":"pt-PT","@id":"https:\/\/propharex.es\/#\/schema\/logo\/image\/","url":"https:\/\/propharex.es\/wp-content\/uploads\/2023\/07\/Logo-Propharex-Rediseno-2020-300ppp-2.jpg","contentUrl":"https:\/\/propharex.es\/wp-content\/uploads\/2023\/07\/Logo-Propharex-Rediseno-2020-300ppp-2.jpg","width":300,"height":116,"caption":"Propharex"},"image":{"@id":"https:\/\/propharex.es\/#\/schema\/logo\/image\/"}}]}},"_links":{"self":[{"href":"https:\/\/propharex.es\/pt-pt\/wp-json\/wp\/v2\/pages\/2813","targetHints":{"allow":["GET"]}}],"collection":[{"href":"https:\/\/propharex.es\/pt-pt\/wp-json\/wp\/v2\/pages"}],"about":[{"href":"https:\/\/propharex.es\/pt-pt\/wp-json\/wp\/v2\/types\/page"}],"author":[{"embeddable":true,"href":"https:\/\/propharex.es\/pt-pt\/wp-json\/wp\/v2\/users\/1"}],"replies":[{"embeddable":true,"href":"https:\/\/propharex.es\/pt-pt\/wp-json\/wp\/v2\/comments?post=2813"}],"version-history":[{"count":18,"href":"https:\/\/propharex.es\/pt-pt\/wp-json\/wp\/v2\/pages\/2813\/revisions"}],"predecessor-version":[{"id":3870,"href":"https:\/\/propharex.es\/pt-pt\/wp-json\/wp\/v2\/pages\/2813\/revisions\/3870"}],"wp:attachment":[{"href":"https:\/\/propharex.es\/pt-pt\/wp-json\/wp\/v2\/media?parent=2813"}],"curies":[{"name":"wp","href":"https:\/\/api.w.org\/{rel}","templated":true}]}}